{"id":783,"date":"2024-08-08T19:20:09","date_gmt":"2024-08-08T19:20:09","guid":{"rendered":"https:\/\/miaweproject.com\/index.php\/homepage-francais\/"},"modified":"2024-08-11T15:53:44","modified_gmt":"2024-08-11T15:53:44","slug":"accueil","status":"publish","type":"page","link":"https:\/\/miaweproject.com\/index.php\/fr\/accueil\/","title":{"rendered":"Accueil"},"content":{"rendered":"\n<div class=\"wp-block-cover alignfull\" style=\"min-height:1033px;aspect-ratio:unset;\"><span aria-hidden=\"true\" class=\"wp-block-cover__background has-primary-background-color has-background-dim-30 has-background-dim\"><\/span><img loading=\"lazy\" decoding=\"async\" width=\"1920\" height=\"1124\" class=\"wp-block-cover__image-background wp-image-786\" alt=\"\" src=\"https:\/\/miaweproject.com\/wp-content\/uploads\/2024\/08\/246631818_4588935177862227_1904216244691548070_n-2.jpg\" style=\"object-position:43% 50%\" data-object-fit=\"cover\" data-object-position=\"43% 50%\" srcset=\"https:\/\/miaweproject.com\/wp-content\/uploads\/2024\/08\/246631818_4588935177862227_1904216244691548070_n-2.jpg 1920w, https:\/\/miaweproject.com\/wp-content\/uploads\/2024\/08\/246631818_4588935177862227_1904216244691548070_n-2-300x176.jpg 300w, https:\/\/miaweproject.com\/wp-content\/uploads\/2024\/08\/246631818_4588935177862227_1904216244691548070_n-2-1024x599.jpg 1024w\" sizes=\"auto, (max-width: 1920px) 100vw, 1920px\" \/><div class=\"wp-block-cover__inner-container has-global-padding is-layout-constrained wp-block-cover-is-layout-constrained\">\n<p class=\"has-text-align-center has-white-color has-text-color\" style=\"font-size:clamp(42.901px, 2.681rem + ((1vw - 3.2px) * 4.073), 82px);font-style:normal;font-weight:900;line-height:1.2\">MIAWE PROJECT<\/p>\n\n\n\n<hr class=\"wp-block-separator aligncenter has-alpha-channel-opacity is-style-default\"\/>\n\n\n\n<p class=\"has-text-align-center has-white-color has-text-color has-large-font-size\">PROT\u00c9GEONS LES ANIMAUX<br>des cr\u00e9ations uniques pour des vies qui comptent.<\/p>\n<\/div><\/div>\n\n\n\n<div class=\"wp-block-group alignfull has-background-background-color has-background has-global-padding is-layout-constrained wp-block-group-is-layout-constrained\">\n<div style=\"height:20px\" aria-hidden=\"true\" id=\"qui\" class=\"wp-block-spacer\"><\/div>\n\n\n\n<h1 class=\"wp-block-heading has-text-align-left\">QUI SOMMES-NOUS?<\/h1>\n\n\n\n<p class=\"has-text-align-left\">Trois amies qui, un soir autour d&#8217;une fondue, furent frapp\u00e9es d\u2019une id\u00e9e lumineuse: allier notre cr\u00e9ativit\u00e9 et notre amour pour les animaux.<br>C&#8217;est ainsi qu&#8217;est n\u00e9 le MiaWe Project.<\/p>\n\n\n\n<div style=\"height:1px\" aria-hidden=\"true\" class=\"wp-block-spacer\"><\/div>\n\n\n\n<div class=\"wp-block-columns is-layout-flex wp-container-core-columns-is-layout-28f84493 wp-block-columns-is-layout-flex\">\n<div class=\"wp-block-column is-layout-flow wp-block-column-is-layout-flow\">\n<figure class=\"wp-block-image size-large is-resized\"><img loading=\"lazy\" decoding=\"async\" width=\"874\" height=\"1024\" src=\"https:\/\/miaweproject.com\/wp-content\/uploads\/2024\/08\/avatars23-1-874x1024.jpg\" alt=\"\" class=\"wp-image-896\" style=\"width:367px;height:auto\" srcset=\"https:\/\/miaweproject.com\/wp-content\/uploads\/2024\/08\/avatars23-1-874x1024.jpg 874w, https:\/\/miaweproject.com\/wp-content\/uploads\/2024\/08\/avatars23-1-256x300.jpg 256w, https:\/\/miaweproject.com\/wp-content\/uploads\/2024\/08\/avatars23-1-2000x2344.jpg 2000w\" sizes=\"auto, (max-width: 874px) 100vw, 874px\" \/><\/figure>\n\n\n\n<div style=\"height:60px\" aria-hidden=\"true\" class=\"wp-block-spacer\"><\/div>\n<\/div>\n\n\n\n<div class=\"wp-block-column is-layout-flow wp-block-column-is-layout-flow\">\n<figure class=\"wp-block-image size-large\"><img loading=\"lazy\" decoding=\"async\" width=\"874\" height=\"1024\" src=\"https:\/\/miaweproject.com\/wp-content\/uploads\/2024\/08\/avatars2-3-874x1024.jpg\" alt=\"\" class=\"wp-image-897\" srcset=\"https:\/\/miaweproject.com\/wp-content\/uploads\/2024\/08\/avatars2-3-874x1024.jpg 874w, https:\/\/miaweproject.com\/wp-content\/uploads\/2024\/08\/avatars2-3-256x300.jpg 256w, https:\/\/miaweproject.com\/wp-content\/uploads\/2024\/08\/avatars2-3-2000x2344.jpg 2000w\" sizes=\"auto, (max-width: 874px) 100vw, 874px\" \/><\/figure>\n\n\n\n<div style=\"height:60px\" aria-hidden=\"true\" class=\"wp-block-spacer\"><\/div>\n<\/div>\n\n\n\n<div class=\"wp-block-column is-layout-flow wp-block-column-is-layout-flow\">\n<figure class=\"wp-block-image size-large\"><img loading=\"lazy\" decoding=\"async\" width=\"874\" height=\"1024\" src=\"https:\/\/miaweproject.com\/wp-content\/uploads\/2024\/08\/avatars22-874x1024.jpg\" alt=\"\" class=\"wp-image-898\" srcset=\"https:\/\/miaweproject.com\/wp-content\/uploads\/2024\/08\/avatars22-874x1024.jpg 874w, https:\/\/miaweproject.com\/wp-content\/uploads\/2024\/08\/avatars22-256x300.jpg 256w, https:\/\/miaweproject.com\/wp-content\/uploads\/2024\/08\/avatars22-2000x2344.jpg 2000w\" sizes=\"auto, (max-width: 874px) 100vw, 874px\" \/><\/figure>\n\n\n\n<div style=\"height:60px\" aria-hidden=\"true\" class=\"wp-block-spacer\"><\/div>\n<\/div>\n<\/div>\n<\/div>\n\n\n\n<div style=\"height:50px\" aria-hidden=\"true\" id=\"quoi\" class=\"wp-block-spacer\"><\/div>\n\n\n\n<div class=\"wp-block-group has-global-padding is-layout-constrained wp-block-group-is-layout-constrained\">\n<h1 class=\"wp-block-heading\">QU&#8217;EST-CE QU&#8217;ON FAIT EXACTEMENT?<\/h1>\n\n\n\n<p class=\"has-text-align-left\">Nous cr\u00e9ons et vendons des \u0153uvres d&#8217;art num\u00e9riques, des NFTs, pour collecter des fonds au profit d\u2019associations \u0153uvrant pour<br>le bien-\u00eatre animal.<br><br>Les NFTs sont comme des cartes de collection num\u00e9riques qui peuvent \u00eatre achet\u00e9es, vendues et \u00e9chang\u00e9es en ligne. Pensez aux cartes Pok\u00e9mon ou aux cartes de football Panini, mais en version digitale.<br>Chaque NFT est unique et poss\u00e8de sa propre valeur, certifi\u00e9 par une technologie qui garantit son authenticit\u00e9 et sa raret\u00e9.<br>Pour chaque projet, nous cr\u00e9ons quelques milliers de NFTs tous diff\u00e9rents et inspir\u00e9s par l\u2019histoire et les animaux de l&#8217;association<br>que nous soutenons.<br>Tout comme les cartes \u00e0 collectionner, vous ne savez pas quel NFT vous allez recevoir lors de l\u2019achat. Nous cr\u00e9ons toujours diff\u00e9rents degr\u00e9s de raret\u00e9 dans nos collections, vous pouvez ainsi tomber sur un NFT commun, plus rare, un NFT \u00e9pique, l\u00e9gendaire ou m\u00eame un NFT or!<\/p>\n\n\n\n<p class=\"has-text-align-left\">60% des b\u00e9n\u00e9fices de la vente sont directement revers\u00e9s \u00e0 l&#8217;association concern\u00e9e, tandis que le reste sert \u00e0 r\u00e9mun\u00e9rer les acteurs du projet et \u00e0 couvrir les co\u00fbts de production.<br>En achetant un NFT, vous participez activement \u00e0 la protection des animaux et vous devenez propri\u00e9taire d&#8217;une \u0153uvre num\u00e9rique unique et pleine de personnalit\u00e9.<\/p>\n<\/div>\n\n\n\n<div style=\"height:50px\" aria-hidden=\"true\" class=\"wp-block-spacer\"><\/div>\n\n\n\n<div class=\"wp-block-group alignfull has-background-background-color has-background has-global-padding is-layout-constrained wp-block-group-is-layout-constrained\">\n<div style=\"height:10px\" aria-hidden=\"true\" id=\"projets\" class=\"wp-block-spacer\"><\/div>\n\n\n\n<h1 class=\"wp-block-heading has-text-align-left\">NOS PROJETS<\/h1>\n\n\n\n<div style=\"height:10px\" aria-hidden=\"true\" class=\"wp-block-spacer\"><\/div>\n\n\n\n<div class=\"wp-block-columns is-layout-flex wp-container-core-columns-is-layout-28f84493 wp-block-columns-is-layout-flex\">\n<div class=\"wp-block-column is-layout-flow wp-block-column-is-layout-flow\">\n<div class=\"wp-block-cover has-custom-content-position is-position-bottom-center\" style=\"padding-top:var(--wp--preset--spacing--small);padding-right:var(--wp--preset--spacing--x-small);padding-bottom:var(--wp--preset--spacing--small);padding-left:var(--wp--preset--spacing--x-small)\"><span aria-hidden=\"true\" class=\"wp-block-cover__background has-primary-background-color has-background-dim-30 has-background-dim\"><\/span><img loading=\"lazy\" decoding=\"async\" width=\"768\" height=\"768\" class=\"wp-block-cover__image-background wp-image-833\" alt=\"\" src=\"https:\/\/miaweproject.com\/wp-content\/uploads\/2024\/08\/5.png\" data-object-fit=\"cover\" srcset=\"https:\/\/miaweproject.com\/wp-content\/uploads\/2024\/08\/5.png 768w, https:\/\/miaweproject.com\/wp-content\/uploads\/2024\/08\/5-300x300.png 300w, https:\/\/miaweproject.com\/wp-content\/uploads\/2024\/08\/5-150x150.png 150w\" sizes=\"auto, (max-width: 768px) 100vw, 768px\" \/><div class=\"wp-block-cover__inner-container is-layout-flow wp-block-cover-is-layout-flow\">\n<h3 class=\"wp-block-heading has-background-color has-text-color has-link-color has-medium-font-size wp-elements-d1b14b2afcda242a7e3b1b27e6bcaa35\">Les B\u00e9lugas du Fjord<br><strong><a href=\"https:\/\/miaweproject.com\/index.php\/fr\/accueil\/les-belugas-du-fjord\/\" data-type=\"page\" data-id=\"799\">D\u00e9couvrir \u2192<\/a><\/strong><\/h3>\n<\/div><\/div>\n<\/div>\n\n\n\n<div class=\"wp-block-column is-layout-flow wp-block-column-is-layout-flow\">\n<div class=\"wp-block-cover has-custom-content-position is-position-bottom-center\"><span aria-hidden=\"true\" class=\"wp-block-cover__background has-background-dim\"><\/span><img loading=\"lazy\" decoding=\"async\" width=\"640\" height=\"360\" class=\"wp-block-cover__image-background wp-image-836\" alt=\"\" src=\"https:\/\/miaweproject.com\/wp-content\/uploads\/2024\/08\/istockphoto-1467339432-640x640-3.jpg\" data-object-fit=\"cover\" srcset=\"https:\/\/miaweproject.com\/wp-content\/uploads\/2024\/08\/istockphoto-1467339432-640x640-3.jpg 640w, https:\/\/miaweproject.com\/wp-content\/uploads\/2024\/08\/istockphoto-1467339432-640x640-3-300x169.jpg 300w\" sizes=\"auto, (max-width: 640px) 100vw, 640px\" \/><div class=\"wp-block-cover__inner-container is-layout-flow wp-block-cover-is-layout-flow\">\n<h3 class=\"wp-block-heading has-medium-font-size\">\u00c7a arrive&#8230;<\/h3>\n<\/div><\/div>\n<\/div>\n\n\n\n<div class=\"wp-block-column is-layout-flow wp-block-column-is-layout-flow\">\n<div class=\"wp-block-cover has-custom-content-position is-position-bottom-center\"><span aria-hidden=\"true\" class=\"wp-block-cover__background has-background-dim\"><\/span><img loading=\"lazy\" decoding=\"async\" width=\"640\" height=\"360\" class=\"wp-block-cover__image-background wp-image-837\" alt=\"\" src=\"https:\/\/miaweproject.com\/wp-content\/uploads\/2024\/08\/istockphoto-1467339432-640x640-4.jpg\" data-object-fit=\"cover\" srcset=\"https:\/\/miaweproject.com\/wp-content\/uploads\/2024\/08\/istockphoto-1467339432-640x640-4.jpg 640w, https:\/\/miaweproject.com\/wp-content\/uploads\/2024\/08\/istockphoto-1467339432-640x640-4-300x169.jpg 300w\" sizes=\"auto, (max-width: 640px) 100vw, 640px\" \/><div class=\"wp-block-cover__inner-container is-layout-flow wp-block-cover-is-layout-flow\">\n<h3 class=\"wp-block-heading has-medium-font-size\">\u00c7a arrive&#8230;<\/h3>\n<\/div><\/div>\n<\/div>\n<\/div>\n\n\n\n<div style=\"height:120px\" aria-hidden=\"true\" class=\"wp-block-spacer\"><\/div>\n<\/div>\n\n\n\n<div class=\"wp-block-cover alignfull\"><span aria-hidden=\"true\" class=\"wp-block-cover__background has-primary-background-color has-background-dim-20 has-background-dim\"><\/span><img loading=\"lazy\" decoding=\"async\" width=\"2500\" height=\"1412\" class=\"wp-block-cover__image-background wp-image-839\" alt=\"\" src=\"https:\/\/miaweproject.com\/wp-content\/uploads\/2024\/08\/4562b6f2-b233-4805-b23a-45597130c122-3.jpeg\" style=\"object-position:54% 100%\" data-object-fit=\"cover\" data-object-position=\"54% 100%\" srcset=\"https:\/\/miaweproject.com\/wp-content\/uploads\/2024\/08\/4562b6f2-b233-4805-b23a-45597130c122-3.jpeg 2500w, https:\/\/miaweproject.com\/wp-content\/uploads\/2024\/08\/4562b6f2-b233-4805-b23a-45597130c122-3-300x169.jpeg 300w, https:\/\/miaweproject.com\/wp-content\/uploads\/2024\/08\/4562b6f2-b233-4805-b23a-45597130c122-3-1024x578.jpeg 1024w, https:\/\/miaweproject.com\/wp-content\/uploads\/2024\/08\/4562b6f2-b233-4805-b23a-45597130c122-3-2000x1130.jpeg 2000w\" sizes=\"auto, (max-width: 2500px) 100vw, 2500px\" \/><div class=\"wp-block-cover__inner-container has-global-padding is-layout-constrained wp-block-cover-is-layout-constrained\">\n<h1 class=\"wp-block-heading has-text-align-center\">REJOIGNEZ-NOUS DANS CETTE AVENTURE SOLIDAIRE!<span style=\"color: rgb(0, 0, 0); font-size: medium; font-weight: 400; text-align: start; white-space-collapse: collapse;\"><\/span><\/h1>\n<\/div><\/div>\n","protected":false},"excerpt":{"rendered":"<p>QUI SOMMES-NOUS? Trois amies qui, un soir autour d&#8217;une fondue, furent frapp\u00e9es d\u2019une id\u00e9e lumineuse: allier notre cr\u00e9ativit\u00e9 et notre amour pour les animaux.C&#8217;est ainsi qu&#8217;est n\u00e9 le MiaWe Project. QU&#8217;EST-CE QU&#8217;ON FAIT EXACTEMENT? Nous cr\u00e9ons et vendons des \u0153uvres d&#8217;art num\u00e9riques, des NFTs, pour collecter des fonds au profit d\u2019associations \u0153uvrant pourle bien-\u00eatre animal. &hellip; <\/p>\n<p class=\"link-more\"><a href=\"https:\/\/miaweproject.com\/index.php\/fr\/accueil\/\" class=\"more-link\">Read more<span class=\"screen-reader-text\"> &#8220;Accueil&#8221;<\/span><\/a><\/p>\n","protected":false},"author":1,"featured_media":0,"parent":0,"menu_order":0,"comment_status":"closed","ping_status":"closed","template":"page-templates\/no-title.php","meta":{"footnotes":""},"class_list":["post-783","page","type-page","status-publish","hentry"],"_links":{"self":[{"href":"https:\/\/miaweproject.com\/index.php\/wp-json\/wp\/v2\/pages\/783","targetHints":{"allow":["GET"]}}],"collection":[{"href":"https:\/\/miaweproject.com\/index.php\/wp-json\/wp\/v2\/pages"}],"about":[{"href":"https:\/\/miaweproject.com\/index.php\/wp-json\/wp\/v2\/types\/page"}],"author":[{"embeddable":true,"href":"https:\/\/miaweproject.com\/index.php\/wp-json\/wp\/v2\/users\/1"}],"replies":[{"embeddable":true,"href":"https:\/\/miaweproject.com\/index.php\/wp-json\/wp\/v2\/comments?post=783"}],"version-history":[{"count":46,"href":"https:\/\/miaweproject.com\/index.php\/wp-json\/wp\/v2\/pages\/783\/revisions"}],"predecessor-version":[{"id":928,"href":"https:\/\/miaweproject.com\/index.php\/wp-json\/wp\/v2\/pages\/783\/revisions\/928"}],"wp:attachment":[{"href":"https:\/\/miaweproject.com\/index.php\/wp-json\/wp\/v2\/media?parent=783"}],"curies":[{"name":"wp","href":"https:\/\/api.w.org\/{rel}","templated":true}]}}