{"id":799,"date":"2024-08-08T19:37:42","date_gmt":"2024-08-08T19:37:42","guid":{"rendered":"https:\/\/miaweproject.com\/?page_id=799"},"modified":"2024-08-28T16:08:22","modified_gmt":"2024-08-28T16:08:22","slug":"les-belugas-du-fjord","status":"publish","type":"page","link":"https:\/\/miaweproject.com\/index.php\/fr\/accueil\/les-belugas-du-fjord\/","title":{"rendered":"Les B\u00e9lugas du Fjord"},"content":{"rendered":"\n<div class=\"wp-block-cover alignfull\" style=\"min-height:1033px;aspect-ratio:unset;\"><span aria-hidden=\"true\" class=\"wp-block-cover__background has-primary-background-color has-background-dim-30 has-background-dim\"><\/span><img loading=\"lazy\" decoding=\"async\" width=\"1600\" height=\"1479\" class=\"wp-block-cover__image-background wp-image-601\" alt=\"\" src=\"https:\/\/miaweproject.com\/wp-content\/uploads\/2024\/08\/Beluga-Whale.jpg\" style=\"object-position:58% 85%\" data-object-fit=\"cover\" data-object-position=\"58% 85%\" srcset=\"https:\/\/miaweproject.com\/wp-content\/uploads\/2024\/08\/Beluga-Whale.jpg 1600w, https:\/\/miaweproject.com\/wp-content\/uploads\/2024\/08\/Beluga-Whale-300x277.jpg 300w, https:\/\/miaweproject.com\/wp-content\/uploads\/2024\/08\/Beluga-Whale-1024x947.jpg 1024w\" sizes=\"auto, (max-width: 1600px) 100vw, 1600px\" \/><div class=\"wp-block-cover__inner-container has-global-padding is-layout-constrained wp-block-cover-is-layout-constrained\">\n<p class=\"has-text-align-center has-white-color has-text-color\" style=\"font-size:clamp(42.901px, 2.681rem + ((1vw - 3.2px) * 4.073), 82px);font-style:normal;font-weight:900;line-height:1.2\"><strong>Les B\u00e9lugas du Fjord<\/strong><\/p>\n\n\n\n<hr class=\"wp-block-separator has-text-color has-white-color has-alpha-channel-opacity has-white-background-color has-background is-style-default\"\/>\n\n\n\n<p class=\"has-text-align-center has-white-color has-text-color has-large-font-size\">Les 2&#8217;180 B\u00e9lugas NFTs les plus fut\u00e9s, coinc\u00e9s dans un tout petit pool g\u00e9n\u00e9tique.<\/p>\n\n\n\n<div style=\"height:10px\" aria-hidden=\"true\" class=\"wp-block-spacer\"><\/div>\n\n\n\n<div class=\"wp-block-buttons is-content-justification-center is-layout-flex wp-container-core-buttons-is-layout-a89b3969 wp-block-buttons-is-layout-flex\">\n<div class=\"wp-block-button\"><a class=\"wp-block-button__link has-background wp-element-button\" href=\"https:\/\/miaweproject.com\/index.php\/fr\/accueil\/les-belugas-du-fjord\/#NFT\" style=\"border-radius:100px;background-color:#ffc200\">ACH\u00c8TE TON NFT<\/a><\/div>\n<\/div>\n<\/div><\/div>\n\n\n\n<div class=\"wp-block-group alignfull pattern_multiple_covers has-background-background-color has-background has-global-padding is-layout-constrained wp-block-group-is-layout-constrained\" id=\"services\">\n<div style=\"height:20px\" aria-hidden=\"true\" id=\"who\" class=\"wp-block-spacer\"><\/div>\n\n\n\n<h1 class=\"wp-block-heading has-primary-color has-text-color has-link-color wp-elements-cbe1cfe4c6ba09b6b304b8fbee44dd3d\">L\u2019HISTOIRE<\/h1>\n\n\n\n<p class=\"has-text-align-left\"><strong>Au cours de la derni\u00e8re p\u00e9riode glaciaire, une famille de b\u00e9lugas \u00e0 l\u2019esprit vif a quitt\u00e9 le grand Nord pour&nbsp;profiter de petites vacances dans le fjord du Saguenay au Qu\u00e9bec, Canada.<\/strong><br><strong>Malheureusement, ils ont rat\u00e9 le bateau pour rentrer chez eux.<\/strong> <strong>Et sont rest\u00e9s coinc\u00e9s.<\/strong><br><strong>Ils sont toujours l\u00e0, quelques descendants\u2026 nageant joyeusement dans un tout petit pool g\u00e9n\u00e9tique.<\/strong><br><strong>Ils sont pas au top.<\/strong><br><strong>Svp, aidez-les.<\/strong><br><br>La population des b\u00e9lugas du Saguenay d\u00e9cline d&#8217;environ 1% par ann\u00e9e depuis le d\u00e9but des ann\u00e9es 2000. On compte aujourd&#8217;hui entre 1&#8217;530 et 2&#8217;180 b\u00e9lugas dans le Saint-Laurent et ils sont actuellement inscrits sur la liste des esp\u00e8ces en voie de disparition de la LEP (loi sur les esp\u00e8ces en p\u00e9ril). Heureusement, le r\u00e9tablissement de la population est jug\u00e9 r\u00e9alisable.<\/p>\n\n\n\n<p class=\"has-text-align-left\">60% des b\u00e9n\u00e9fices du projet seront vers\u00e9s au GREMM, le Groupe de recherche et d&#8217;\u00e9ducation sur les mammif\u00e8res marins.<br>Fond\u00e9 en 1985 et bas\u00e9 \u00e0 Tadoussac, au Qu\u00e9bec, le GREMM est un organisme \u00e0 but non lucratif vou\u00e9 \u00e0 la recherche scientifique sur les baleines du Saint-Laurent et \u00e0 l\u2019\u00e9ducation pour la&nbsp;conservation&nbsp;du milieu marin.<\/p>\n\n\n\n<p class=\"has-text-align-left\">&#8220;Mieux comprendre pour mieux prot\u00e9ger. La survie des baleines est li\u00e9e \u00e0 la valeur que nous leur accorderons. Apprendre \u00e0 les connaitre et p\u00e9n\u00e9trer leur univers fascinant sont les meilleures garanties pour leur avenir.&#8221; Voil\u00e0 le c\u0153ur de la mission du GREMM.<\/p>\n\n\n\n<div style=\"height:1px\" aria-hidden=\"true\" class=\"wp-block-spacer\"><\/div>\n\n\n\n<div style=\"height:30px\" aria-hidden=\"true\" class=\"wp-block-spacer\"><\/div>\n\n\n\n<div class=\"wp-block-buttons is-content-justification-center is-layout-flex wp-container-core-buttons-is-layout-a89b3969 wp-block-buttons-is-layout-flex\">\n<div class=\"wp-block-button is-style-outline is-style-outline--1\"><a class=\"wp-block-button__link has-white-color has-text-color has-background has-link-color wp-element-button\" href=\"https:\/\/gremm.org\/\" style=\"border-style:none;border-width:0px;border-radius:100px;background-color:#ff5a27\" target=\"_blank\" rel=\"noreferrer noopener\">SITE WEB DU GREMM<\/a><\/div>\n<\/div>\n\n\n\n<div style=\"height:1px\" aria-hidden=\"true\" class=\"wp-block-spacer\"><\/div>\n\n\n\n<div style=\"height:1px\" aria-hidden=\"true\" class=\"wp-block-spacer\"><\/div>\n\n\n\n<div style=\"height:60px\" aria-hidden=\"true\" class=\"wp-block-spacer\"><\/div>\n<\/div>\n\n\n\n<div style=\"height:50px\" aria-hidden=\"true\" id=\"what\" class=\"wp-block-spacer\"><\/div>\n\n\n\n<div class=\"wp-block-group has-global-padding is-layout-constrained wp-block-group-is-layout-constrained\">\n<h1 class=\"wp-block-heading has-text-align-center has-primary-color has-text-color has-link-color wp-elements-95cd3340f57f26ae37fb741c4526824d\"><strong>LA COLLECTION NFT<\/strong><div><span style=\"box-sizing: inherit; font-weight: bolder;\"><\/span><\/div><\/h1>\n\n\n\n<div style=\"height:30px\" aria-hidden=\"true\" class=\"wp-block-spacer\"><\/div>\n\n\n\n<div class=\"wp-block-columns is-layout-flex wp-container-core-columns-is-layout-28f84493 wp-block-columns-is-layout-flex\">\n<div class=\"wp-block-column is-layout-flow wp-block-column-is-layout-flow\" style=\"flex-basis:25%\"><\/div>\n\n\n\n<div class=\"wp-block-column is-layout-flow wp-block-column-is-layout-flow\" style=\"flex-basis:50%\">\n<figure class=\"wp-block-image size-full\"><img loading=\"lazy\" decoding=\"async\" width=\"768\" height=\"768\" src=\"https:\/\/miaweproject.com\/wp-content\/uploads\/2024\/08\/teaser-1.gif\" alt=\"\" class=\"wp-image-558\"\/><\/figure>\n<\/div>\n\n\n\n<div class=\"wp-block-column is-layout-flow wp-block-column-is-layout-flow\" style=\"flex-basis:25%\"><\/div>\n<\/div>\n\n\n\n<div style=\"height:60px\" aria-hidden=\"true\" class=\"wp-block-spacer\"><\/div>\n\n\n\n<h1 class=\"wp-block-heading has-text-align-center has-primary-color has-text-color has-link-color wp-elements-98553c14ec295db31ee1ba07c0291acd\"><strong>LES FAMILLES DE LA COLLECTION<\/strong><div><span style=\"box-sizing: inherit; font-weight: bolder;\"><\/span><\/div><\/h1>\n<\/div>\n\n\n\n<div class=\"wp-block-columns is-layout-flex wp-container-core-columns-is-layout-28f84493 wp-block-columns-is-layout-flex\">\n<div class=\"wp-block-column is-layout-flow wp-block-column-is-layout-flow\"><\/div>\n\n\n\n<div class=\"wp-block-column is-layout-flow wp-block-column-is-layout-flow\">\n<figure class=\"wp-block-image size-full\"><img loading=\"lazy\" decoding=\"async\" width=\"1766\" height=\"2560\" src=\"https:\/\/miaweproject.com\/wp-content\/uploads\/2024\/08\/collection-FR2-scaled.jpg\" alt=\"\" class=\"wp-image-901\" srcset=\"https:\/\/miaweproject.com\/wp-content\/uploads\/2024\/08\/collection-FR2-scaled.jpg 1766w, https:\/\/miaweproject.com\/wp-content\/uploads\/2024\/08\/collection-FR2-207x300.jpg 207w, https:\/\/miaweproject.com\/wp-content\/uploads\/2024\/08\/collection-FR2-706x1024.jpg 706w, https:\/\/miaweproject.com\/wp-content\/uploads\/2024\/08\/collection-FR2-2000x2900.jpg 2000w\" sizes=\"auto, (max-width: 1766px) 100vw, 1766px\" \/><\/figure>\n<\/div>\n\n\n\n<div class=\"wp-block-column is-layout-flow wp-block-column-is-layout-flow\">\n<figure class=\"wp-block-image size-full\"><img loading=\"lazy\" decoding=\"async\" width=\"1766\" height=\"2560\" src=\"https:\/\/miaweproject.com\/wp-content\/uploads\/2024\/08\/collection-FR-scaled.jpg\" alt=\"\" class=\"wp-image-902\" srcset=\"https:\/\/miaweproject.com\/wp-content\/uploads\/2024\/08\/collection-FR-scaled.jpg 1766w, https:\/\/miaweproject.com\/wp-content\/uploads\/2024\/08\/collection-FR-207x300.jpg 207w, https:\/\/miaweproject.com\/wp-content\/uploads\/2024\/08\/collection-FR-706x1024.jpg 706w, https:\/\/miaweproject.com\/wp-content\/uploads\/2024\/08\/collection-FR-2000x2900.jpg 2000w\" sizes=\"auto, (max-width: 1766px) 100vw, 1766px\" \/><\/figure>\n<\/div>\n\n\n\n<div class=\"wp-block-column is-layout-flow wp-block-column-is-layout-flow\">\n<figure class=\"wp-block-image size-large\"><img loading=\"lazy\" decoding=\"async\" width=\"706\" height=\"1024\" src=\"https:\/\/miaweproject.com\/wp-content\/uploads\/2024\/08\/collection-FR3-706x1024.jpg\" alt=\"\" class=\"wp-image-903\" srcset=\"https:\/\/miaweproject.com\/wp-content\/uploads\/2024\/08\/collection-FR3-706x1024.jpg 706w, https:\/\/miaweproject.com\/wp-content\/uploads\/2024\/08\/collection-FR3-207x300.jpg 207w, https:\/\/miaweproject.com\/wp-content\/uploads\/2024\/08\/collection-FR3-2000x2900.jpg 2000w, https:\/\/miaweproject.com\/wp-content\/uploads\/2024\/08\/collection-FR3-scaled.jpg 1766w\" sizes=\"auto, (max-width: 706px) 100vw, 706px\" \/><\/figure>\n<\/div>\n\n\n\n<div class=\"wp-block-column is-layout-flow wp-block-column-is-layout-flow\"><\/div>\n<\/div>\n\n\n\n<div style=\"height:5px\" aria-hidden=\"true\" class=\"wp-block-spacer\"><\/div>\n\n\n\n<div class=\"wp-block-columns is-layout-flex wp-container-core-columns-is-layout-28f84493 wp-block-columns-is-layout-flex\">\n<div class=\"wp-block-column is-layout-flow wp-block-column-is-layout-flow\"><\/div>\n\n\n\n<div class=\"wp-block-column is-layout-flow wp-block-column-is-layout-flow\">\n<figure class=\"wp-block-image size-full\"><img loading=\"lazy\" decoding=\"async\" width=\"1766\" height=\"2560\" src=\"https:\/\/miaweproject.com\/wp-content\/uploads\/2024\/08\/collection-FR4-scaled.jpg\" alt=\"\" class=\"wp-image-904\" srcset=\"https:\/\/miaweproject.com\/wp-content\/uploads\/2024\/08\/collection-FR4-scaled.jpg 1766w, https:\/\/miaweproject.com\/wp-content\/uploads\/2024\/08\/collection-FR4-207x300.jpg 207w, https:\/\/miaweproject.com\/wp-content\/uploads\/2024\/08\/collection-FR4-706x1024.jpg 706w, https:\/\/miaweproject.com\/wp-content\/uploads\/2024\/08\/collection-FR4-2000x2900.jpg 2000w\" sizes=\"auto, (max-width: 1766px) 100vw, 1766px\" \/><\/figure>\n<\/div>\n\n\n\n<div class=\"wp-block-column is-layout-flow wp-block-column-is-layout-flow\">\n<figure class=\"wp-block-image size-full\"><img loading=\"lazy\" decoding=\"async\" width=\"1766\" height=\"2560\" src=\"https:\/\/miaweproject.com\/wp-content\/uploads\/2024\/08\/collection-FR5-scaled.jpg\" alt=\"\" class=\"wp-image-906\" srcset=\"https:\/\/miaweproject.com\/wp-content\/uploads\/2024\/08\/collection-FR5-scaled.jpg 1766w, https:\/\/miaweproject.com\/wp-content\/uploads\/2024\/08\/collection-FR5-207x300.jpg 207w, https:\/\/miaweproject.com\/wp-content\/uploads\/2024\/08\/collection-FR5-706x1024.jpg 706w, https:\/\/miaweproject.com\/wp-content\/uploads\/2024\/08\/collection-FR5-2000x2900.jpg 2000w\" sizes=\"auto, (max-width: 1766px) 100vw, 1766px\" \/><\/figure>\n<\/div>\n\n\n\n<div class=\"wp-block-column is-layout-flow wp-block-column-is-layout-flow\">\n<figure class=\"wp-block-image size-large\"><img loading=\"lazy\" decoding=\"async\" width=\"706\" height=\"1024\" src=\"https:\/\/miaweproject.com\/wp-content\/uploads\/2024\/08\/collection-FR6-706x1024.jpg\" alt=\"\" class=\"wp-image-907\" srcset=\"https:\/\/miaweproject.com\/wp-content\/uploads\/2024\/08\/collection-FR6-706x1024.jpg 706w, https:\/\/miaweproject.com\/wp-content\/uploads\/2024\/08\/collection-FR6-207x300.jpg 207w, https:\/\/miaweproject.com\/wp-content\/uploads\/2024\/08\/collection-FR6-2000x2900.jpg 2000w, https:\/\/miaweproject.com\/wp-content\/uploads\/2024\/08\/collection-FR6-scaled.jpg 1766w\" sizes=\"auto, (max-width: 706px) 100vw, 706px\" \/><\/figure>\n<\/div>\n\n\n\n<div class=\"wp-block-column is-layout-flow wp-block-column-is-layout-flow\"><\/div>\n<\/div>\n\n\n\n<div style=\"height:70px\" aria-hidden=\"true\" class=\"wp-block-spacer\"><\/div>\n\n\n\n<div class=\"wp-block-group alignfull pattern_multiple_covers has-background-background-color has-background has-global-padding is-layout-constrained wp-block-group-is-layout-constrained\" id=\"services\">\n<div style=\"height:20px\" aria-hidden=\"true\" id=\"who\" class=\"wp-block-spacer\"><\/div>\n\n\n\n<h1 class=\"wp-block-heading has-primary-color has-text-color has-link-color wp-elements-a6dd744bed930ba29e0048024ea9dcce\" id=\"NFT\">ACHETEZ UN NFT (c&#8217;est facile, promis)<\/h1>\n\n\n\n<p class=\"has-text-align-left\">De base, les NFTs s&#8217;ach\u00e8tent avec de la cryptomonnaie, comme le MATIC par exemple. Mais pas de panique, vous pouvez aussi acheter nos NFTs simplement avec une carte de cr\u00e9dit.<br>Chaque NFT co\u00fbte 10$ USD.<\/p>\n\n\n\n<p>Voici comment en acheter un: cliquez sur le bouton \u00ab SIGN IN \u00bb ci-dessous, entrez votre adresse e-mail puis le code re\u00e7u par e-mail.<br>Vous pouvez maintenant cliquer sur le bouton \u00ab BUY WITH CREDIT CARD \u00bb pour effectuer l&#8217;achat: saisissez vos informations et cliquez sur<br>le bouton \u00ab Pay \u00bb.<\/p>\n\n\n\n<p>Et voil\u00e0! Vous verrez votre NFT se r\u00e9v\u00e9ler et il s&#8217;affichera dans votre galerie personnelle en ligne.<\/p>\n\n\n\n<p class=\"has-text-align-left has-primary-color has-text-color has-link-color wp-elements-2c5c3c23a222e8145ff8f077553a1678\">Pour acc\u00e9der \u00e0 votre galerie NFT, connectez-vous simplement avec votre adresse e-mail sur le <a href=\"https:\/\/highlight.xyz\/\" target=\"_blank\" rel=\"noreferrer noopener\">site Highlight<\/a> et acc\u00e9dez \u00e0 votre profil, o\u00f9 tous vos NFTs sont rassembl\u00e9s. C&#8217;est \u00e9galement l\u00e0 que vous pourrez d\u00e9couvrir les diff\u00e9rentes caract\u00e9ristiques de vos NFTs, comme le niveau de raret\u00e9.<\/p>\n\n\n\n<div style=\"height:30px\" aria-hidden=\"true\" class=\"wp-block-spacer\"><\/div>\n\n\n\n<div class=\"wp-block-columns is-layout-flex wp-container-core-columns-is-layout-28f84493 wp-block-columns-is-layout-flex\">\n<div class=\"wp-block-column is-layout-flow wp-block-column-is-layout-flow\"><\/div>\n\n\n\n<div class=\"wp-block-column is-vertically-aligned-center is-layout-flow wp-block-column-is-layout-flow\">\n<link rel=\"stylesheet\" href=\"https:\/\/mint.highlight.xyz\/assets\/embed.css\" \/>\n<div data-widget=\"highlight-mint-card\" data-mint-collection-id=\"6625d2c6fe684b19750e8a4a\"  data-template='no-art'><\/div>\n<script type=\"module\" crossorigin=\"true\" src=\"https:\/\/mint.highlight.xyz\/assets\/embed.js?v=1\" id=\"highlight-embed-script\" data-embed-version=\"2.0\"><\/script>\n\n\n\n<div style=\"height:80px\" aria-hidden=\"true\" class=\"wp-block-spacer\"><\/div>\n\n\n\n<div class=\"wp-block-buttons is-content-justification-center is-layout-flex wp-container-core-buttons-is-layout-a89b3969 wp-block-buttons-is-layout-flex\">\n<div class=\"wp-block-button is-style-outline is-style-outline--2\"><a class=\"wp-block-button__link has-white-color has-text-color has-background has-link-color wp-element-button\" href=\"https:\/\/highlight.xyz\/mint\/6625d2c6fe684b19750e8a4a\" style=\"border-style:none;border-width:0px;border-radius:100px;background-color:#ff5a27\" target=\"_blank\" rel=\"noreferrer noopener\">VOIR LES B\u00c9LUGAS D\u00c9J\u00c0 ADOPT\u00c9S<\/a><\/div>\n<\/div>\n\n\n\n<div style=\"height:80px\" aria-hidden=\"true\" class=\"wp-block-spacer\"><\/div>\n<\/div>\n\n\n\n<div class=\"wp-block-column is-layout-flow wp-block-column-is-layout-flow\"><\/div>\n<\/div>\n\n\n\n<div style=\"height:1px\" aria-hidden=\"true\" class=\"wp-block-spacer\"><\/div>\n\n\n\n<div style=\"height:1px\" aria-hidden=\"true\" class=\"wp-block-spacer\"><\/div>\n\n\n\n<div style=\"height:1px\" aria-hidden=\"true\" class=\"wp-block-spacer\"><\/div>\n<\/div>\n\n\n\n<div style=\"height:70px\" aria-hidden=\"true\" class=\"wp-block-spacer\"><\/div>\n\n\n\n<h2 class=\"wp-block-heading has-text-align-center\" style=\"font-size:clamp(18.434px, 1.152rem + ((1vw - 3.2px) * 1.101), 29px);\">Tu fais du kayak sur les eaux du Saint-Laurent et tu vois des b\u00e9lugas?<br><br>Pagaie tr\u00e8s vite ou tu vas te retrouver encercl\u00e9 de globes oculaires curieux<br>et de grands sourires extatiques flottant autour de toi.<br><br>N\u2019oublie pas, les b\u00e9lugas du fjord du Saguenay sont extra extra sp\u00e9ciaux.<\/h2>\n\n\n\n<p><\/p>\n","protected":false},"excerpt":{"rendered":"<p>L\u2019HISTOIRE Au cours de la derni\u00e8re p\u00e9riode glaciaire, une famille de b\u00e9lugas \u00e0 l\u2019esprit vif a quitt\u00e9 le grand Nord pour&nbsp;profiter de petites vacances dans le fjord du Saguenay au Qu\u00e9bec, Canada.Malheureusement, ils ont rat\u00e9 le bateau pour rentrer chez eux. Et sont rest\u00e9s coinc\u00e9s.Ils sont toujours l\u00e0, quelques descendants\u2026 nageant joyeusement dans un tout &hellip; <\/p>\n<p class=\"link-more\"><a href=\"https:\/\/miaweproject.com\/index.php\/fr\/accueil\/les-belugas-du-fjord\/\" class=\"more-link\">Read more<span class=\"screen-reader-text\"> &#8220;Les B\u00e9lugas du Fjord&#8221;<\/span><\/a><\/p>\n","protected":false},"author":1,"featured_media":0,"parent":783,"menu_order":0,"comment_status":"closed","ping_status":"closed","template":"page-templates\/homepage-no-hero.php","meta":{"footnotes":""},"class_list":["post-799","page","type-page","status-publish","hentry"],"_links":{"self":[{"href":"https:\/\/miaweproject.com\/index.php\/wp-json\/wp\/v2\/pages\/799","targetHints":{"allow":["GET"]}}],"collection":[{"href":"https:\/\/miaweproject.com\/index.php\/wp-json\/wp\/v2\/pages"}],"about":[{"href":"https:\/\/miaweproject.com\/index.php\/wp-json\/wp\/v2\/types\/page"}],"author":[{"embeddable":true,"href":"https:\/\/miaweproject.com\/index.php\/wp-json\/wp\/v2\/users\/1"}],"replies":[{"embeddable":true,"href":"https:\/\/miaweproject.com\/index.php\/wp-json\/wp\/v2\/comments?post=799"}],"version-history":[{"count":29,"href":"https:\/\/miaweproject.com\/index.php\/wp-json\/wp\/v2\/pages\/799\/revisions"}],"predecessor-version":[{"id":936,"href":"https:\/\/miaweproject.com\/index.php\/wp-json\/wp\/v2\/pages\/799\/revisions\/936"}],"up":[{"embeddable":true,"href":"https:\/\/miaweproject.com\/index.php\/wp-json\/wp\/v2\/pages\/783"}],"wp:attachment":[{"href":"https:\/\/miaweproject.com\/index.php\/wp-json\/wp\/v2\/media?parent=799"}],"curies":[{"name":"wp","href":"https:\/\/api.w.org\/{rel}","templated":true}]}}